{"id":219,"date":"2022-05-11T08:56:28","date_gmt":"2022-05-11T06:56:28","guid":{"rendered":"https:\/\/www.hotelcretrond.com\/offres-speciales\/"},"modified":"2022-06-30T16:58:09","modified_gmt":"2022-06-30T14:58:09","slug":"special-offers","status":"publish","type":"page","link":"https:\/\/www.hotelcretrond.com\/en\/offres-speciales\/","title":{"rendered":"Special offers"},"content":{"rendered":"\t\t<div data-elementor-type=\"wp-page\" data-elementor-id=\"219\" class=\"elementor elementor-219\" data-elementor-post-type=\"page\">\n\t\t\t\t\t\t<section class=\"ob-is-breaking-bad elementor-section elementor-top-section elementor-element elementor-element-81032e8 elementor-section-height-min-height elementor-section-full_width elementor-section-content-top elementor-section-height-default elementor-section-items-middle\" data-id=\"81032e8\" data-element_type=\"section\" data-e-type=\"section\" data-settings=\"{&quot;background_background&quot;:&quot;classic&quot;,&quot;_ob_bbad_use_it&quot;:&quot;yes&quot;,&quot;_ob_bbad_sssic_use&quot;:&quot;no&quot;,&quot;_ob_glider_is_slider&quot;:&quot;no&quot;}\">\n\t\t\t\t\t\t\t<div class=\"elementor-background-overlay\"><\/div>\n\t\t\t\t\t\t\t<div class=\"elementor-container elementor-column-gap-default\">\n\t\t\t\t\t<div class=\"elementor-column elementor-col-100 elementor-top-column elementor-element elementor-element-10bc8d5\" data-id=\"10bc8d5\" data-element_type=\"column\" data-e-type=\"column\" data-settings=\"{&quot;_ob_bbad_is_stalker&quot;:&quot;no&quot;,&quot;_ob_teleporter_use&quot;:false,&quot;_ob_column_hoveranimator&quot;:&quot;no&quot;,&quot;_ob_column_has_pseudo&quot;:&quot;no&quot;}\">\n\t\t\t<div class=\"elementor-widget-wrap elementor-element-populated\">\n\t\t\t\t\t\t<div class=\"elementor-element elementor-element-14e3c70 elementor-widget-divider--view-line ob-has-background-overlay elementor-widget elementor-widget-divider\" data-id=\"14e3c70\" data-element_type=\"widget\" data-e-type=\"widget\" data-settings=\"{&quot;_ob_perspektive_use&quot;:&quot;no&quot;,&quot;_ob_poopart_use&quot;:&quot;yes&quot;,&quot;_ob_shadough_use&quot;:&quot;no&quot;,&quot;_ob_allow_hoveranimator&quot;:&quot;no&quot;,&quot;_ob_widget_stalker_use&quot;:&quot;no&quot;}\" data-widget_type=\"divider.default\">\n\t\t\t\t<div class=\"elementor-widget-container\">\n\t\t\t\t\t\t\t<div class=\"elementor-divider\">\n\t\t\t<span class=\"elementor-divider-separator\">\n\t\t\t\t\t\t<\/span>\n\t\t<\/div>\n\t\t\t\t\t\t<\/div>\n\t\t\t\t<\/div>\n\t\t\t\t<div class=\"elementor-element elementor-element-4dd3d89 ob-harakiri-inherit ob-has-background-overlay elementor-widget elementor-widget-heading\" data-id=\"4dd3d89\" data-element_type=\"widget\" data-e-type=\"widget\" data-settings=\"{&quot;_ob_use_harakiri&quot;:&quot;yes&quot;,&quot;_ob_harakiri_writing_mode&quot;:&quot;inherit&quot;,&quot;_ob_harakiri_text_clip&quot;:&quot;none&quot;,&quot;_ob_perspektive_use&quot;:&quot;no&quot;,&quot;_ob_poopart_use&quot;:&quot;yes&quot;,&quot;_ob_shadough_use&quot;:&quot;no&quot;,&quot;_ob_allow_hoveranimator&quot;:&quot;no&quot;,&quot;_ob_widget_stalker_use&quot;:&quot;no&quot;}\" data-widget_type=\"heading.default\">\n\t\t\t\t<div class=\"elementor-widget-container\">\n\t\t\t\t\t<h1 class=\"elementor-heading-title elementor-size-default\">Offres sp\u00e9ciales<\/h1>\t\t\t\t<\/div>\n\t\t\t\t<\/div>\n\t\t\t\t\t<\/div>\n\t\t<\/div>\n\t\t\t\t\t<\/div>\n\t\t<\/section>\n\t\t\t\t<section class=\"ob-is-breaking-bad elementor-section elementor-top-section elementor-element elementor-element-7777f05 section-multibloc elementor-section-boxed elementor-section-height-default elementor-section-height-default\" data-id=\"7777f05\" data-element_type=\"section\" data-e-type=\"section\" data-settings=\"{&quot;background_background&quot;:&quot;classic&quot;,&quot;_ob_bbad_use_it&quot;:&quot;yes&quot;,&quot;_ob_bbad_sssic_use&quot;:&quot;no&quot;,&quot;_ob_glider_is_slider&quot;:&quot;no&quot;}\">\n\t\t\t\t\t\t\t<div class=\"elementor-background-overlay\"><\/div>\n\t\t\t\t\t\t\t<div class=\"elementor-container elementor-column-gap-default\">\n\t\t\t\t\t<div class=\"elementor-column elementor-col-100 elementor-top-column elementor-element elementor-element-2040383\" data-id=\"2040383\" data-element_type=\"column\" data-e-type=\"column\" data-settings=\"{&quot;_ob_bbad_is_stalker&quot;:&quot;no&quot;,&quot;_ob_teleporter_use&quot;:false,&quot;_ob_column_hoveranimator&quot;:&quot;no&quot;,&quot;_ob_column_has_pseudo&quot;:&quot;no&quot;}\">\n\t\t\t<div class=\"elementor-widget-wrap elementor-element-populated\">\n\t\t\t\t\t\t<div class=\"elementor-element elementor-element-0548716 elementor-pagination-type-bullets elementor-grid-3 elementor-grid-tablet-2 elementor-grid-mobile-1 elementor-arrows-position-inside elementor-invisible ob-has-background-overlay elementor-widget elementor-widget-offers-list\" data-id=\"0548716\" data-element_type=\"widget\" data-e-type=\"widget\" data-settings=\"{&quot;element_skin&quot;:&quot;card&quot;,&quot;_animation&quot;:&quot;fadeInUp&quot;,&quot;space_between&quot;:{&quot;unit&quot;:&quot;px&quot;,&quot;size&quot;:10,&quot;sizes&quot;:[]},&quot;space_between_tablet&quot;:{&quot;unit&quot;:&quot;px&quot;,&quot;size&quot;:10,&quot;sizes&quot;:[]},&quot;space_between_mobile&quot;:{&quot;unit&quot;:&quot;px&quot;,&quot;size&quot;:10,&quot;sizes&quot;:[]},&quot;effect&quot;:&quot;slide&quot;,&quot;autoplay&quot;:&quot;no&quot;,&quot;swiper_arrows&quot;:&quot;yes&quot;,&quot;chevrons_visible&quot;:&quot;hover&quot;,&quot;cursor_grab&quot;:&quot;yes&quot;,&quot;carousel_first_only&quot;:&quot;no&quot;,&quot;infinite&quot;:&quot;yes&quot;,&quot;pagination&quot;:&quot;bullets&quot;,&quot;categories_filter&quot;:[&quot;*&quot;],&quot;item_ignore_filter&quot;:[],&quot;validity_date_format&quot;:&quot;long&quot;,&quot;cards_columns&quot;:&quot;3&quot;,&quot;cards_columns_tablet&quot;:&quot;2&quot;,&quot;cards_columns_mobile&quot;:&quot;1&quot;,&quot;row_gap&quot;:{&quot;unit&quot;:&quot;px&quot;,&quot;size&quot;:35,&quot;sizes&quot;:[]},&quot;_ob_perspektive_use&quot;:&quot;no&quot;,&quot;_ob_poopart_use&quot;:&quot;yes&quot;,&quot;_ob_shadough_use&quot;:&quot;no&quot;,&quot;_ob_allow_hoveranimator&quot;:&quot;no&quot;,&quot;_ob_widget_stalker_use&quot;:&quot;no&quot;}\" data-widget_type=\"offers-list.default\">\n\t\t\t\t<div class=\"elementor-widget-container\">\n\t\t\t\t\t                        <div class=\"eliophot-offers eliophot-offers__wrapper eliophot-base-list elementor-grid\">\n                    <input type=\"hidden\" class=\"api_id\" value=\"\">\n                            <div\n                class=\"eliophot-offer__container eliophot-base-list__container elementor-grid-item   eliophot-offer__skin-card eliophot-offer_ID_763 \"\n                data-category=\"\"\n                data-title = \"\u00c9t\u00e9 2026 : tarifs pr\u00e9f\u00e9rentiels \u00e0 partir de 2 nuits\"\n                data-name = \"ete-2025-decouvrez-nos-meilleurs-tarifs\"\n        >\n                    <div class=\"eliophot-carousel__slider elementor-swiper\">\n            <div class=\"eliophot-carousel-wrapper elementor-main-swiper swiper\">\n                <div class=\"elementor-image-carousel swiper-wrapper swiper-image-stretch\">\n                    <!-- Slides -->\n                    <div class=\"swiper-slide\">\n                        <div class=\"elementor-carousel-image slide-featured-image\" style=\"background-image: url('https:\/\/www.hotelcretrond.com\/wp-content\/uploads\/2022\/05\/web_hotel_cret_rond_valloire_0009_ete-4.jpg');\"><\/div>\n                        <link itemprop=\"image\" href=\"https:\/\/www.hotelcretrond.com\/wp-content\/uploads\/2022\/05\/web_hotel_cret_rond_valloire_0009_ete-4.jpg\" \/>\n                    <\/div>\n                <\/div>\n            <\/div>\n        <\/div>\n                    <div class=\"eliophot-offer__body\">\n                        <!-- TODO: if page link enabled -->\n        <h3 class=\"eliophot-offer__title\">\n            <span class=\"title_before\"><\/span>\n            <a  href=\"https:\/\/www.hotelcretrond.com\/en\/core_special_offers\/ete-2025-decouvrez-nos-meilleurs-tarifs\/\">\n                            \u00c9t\u00e9 2026 : tarifs pr\u00e9f\u00e9rentiels \u00e0 partir de 2 nuits            <\/a>\n        <\/h3>\n                    <\/div>\n\n            \n        <div class=\"eliophot-offer__cta\" itemprop=\"offers\" itemscope itemtype=\"https:\/\/schema.org\/Offer\">\n            <div class=\"eliophot-offer__cta_container\">\n                                    <input type=\"hidden\" name=\"id_offer\" value=\"763\"\/>\n                    <div class=\"eliophot-offer__cta_title\" itemprop=\"priceSpecification\" itemscope itemtype=\"https:\/\/schema.org\/UnitPriceSpecification\">\n                                            <\/div>\n\n                                <div class=\"eliophot-offer__cta_buttons\">\n                \n                                            <a href=\"https:\/\/www.hotelcretrond.com\/en\/core_special_offers\/ete-2025-decouvrez-nos-meilleurs-tarifs\/\" class=\"eliophot-offer__cta_button eliophot-offer__cta_button_second elementor-button-link elementor-button elementor-size-sm \">\n                            D\u00e9couvrir                        <\/a>\n                                    <\/div>\n            <\/div>\n        <\/div>\n                            <\/div>\n                <div\n                class=\"eliophot-offer__container eliophot-base-list__container elementor-grid-item   eliophot-offer__skin-card eliophot-offer_ID_764 \"\n                data-category=\"\"\n                data-title = \"S\u00e9jour demi-pension\"\n                data-name = \"ete-2024-sejour-demi-pension\"\n        >\n                    <div class=\"eliophot-carousel__slider elementor-swiper\">\n            <div class=\"eliophot-carousel-wrapper elementor-main-swiper swiper\">\n                <div class=\"elementor-image-carousel swiper-wrapper swiper-image-stretch\">\n                    <!-- Slides -->\n                    <div class=\"swiper-slide\">\n                        <div class=\"elementor-carousel-image slide-featured-image\" style=\"background-image: url('https:\/\/www.hotelcretrond.com\/wp-content\/uploads\/2024\/10\/valloire-lucimage-velo-scaled.jpg');\"><\/div>\n                        <link itemprop=\"image\" href=\"https:\/\/www.hotelcretrond.com\/wp-content\/uploads\/2024\/10\/valloire-lucimage-velo-scaled.jpg\" \/>\n                    <\/div>\n                <\/div>\n            <\/div>\n        <\/div>\n                    <div class=\"eliophot-offer__body\">\n                        <!-- TODO: if page link enabled -->\n        <h3 class=\"eliophot-offer__title\">\n            <span class=\"title_before\"><\/span>\n            <a  href=\"https:\/\/www.hotelcretrond.com\/en\/core_special_offers\/ete-2024-sejour-demi-pension\/\">\n                            S\u00e9jour demi-pension            <\/a>\n        <\/h3>\n                    <\/div>\n\n            \n        <div class=\"eliophot-offer__cta\" itemprop=\"offers\" itemscope itemtype=\"https:\/\/schema.org\/Offer\">\n            <div class=\"eliophot-offer__cta_container\">\n                                    <input type=\"hidden\" name=\"id_offer\" value=\"764\"\/>\n                    <div class=\"eliophot-offer__cta_title\" itemprop=\"priceSpecification\" itemscope itemtype=\"https:\/\/schema.org\/UnitPriceSpecification\">\n                                            <\/div>\n\n                                <div class=\"eliophot-offer__cta_buttons\">\n                \n                                            <a href=\"https:\/\/www.hotelcretrond.com\/en\/core_special_offers\/ete-2024-sejour-demi-pension\/\" class=\"eliophot-offer__cta_button eliophot-offer__cta_button_second elementor-button-link elementor-button elementor-size-sm \">\n                            D\u00e9couvrir                        <\/a>\n                                    <\/div>\n            <\/div>\n        <\/div>\n                            <\/div>\n                <div\n                class=\"eliophot-offer__container eliophot-base-list__container elementor-grid-item   eliophot-offer__skin-card eliophot-offer_ID_2817 \"\n                data-category=\"\"\n                data-title = \"Hiver 2026-2027 : r\u00e9servez d\u00e8s maintenant !\"\n                data-name = \"hiver-2026-2027-reservez-des-maintenant\"\n        >\n                    <div class=\"eliophot-carousel__slider elementor-swiper\">\n            <div class=\"eliophot-carousel-wrapper elementor-main-swiper swiper\">\n                <div class=\"elementor-image-carousel swiper-wrapper swiper-image-stretch\">\n                    <!-- Slides -->\n                    <div class=\"swiper-slide\">\n                        <div class=\"elementor-carousel-image slide-featured-image\" style=\"background-image: url('https:\/\/www.hotelcretrond.com\/wp-content\/uploads\/2022\/05\/web_hotel_cret_rond_valloire_0003_hiver-2.jpg');\"><\/div>\n                        <link itemprop=\"image\" href=\"https:\/\/www.hotelcretrond.com\/wp-content\/uploads\/2022\/05\/web_hotel_cret_rond_valloire_0003_hiver-2.jpg\" \/>\n                    <\/div>\n                <\/div>\n            <\/div>\n        <\/div>\n                    <div class=\"eliophot-offer__body\">\n                        <!-- TODO: if page link enabled -->\n        <h3 class=\"eliophot-offer__title\">\n            <span class=\"title_before\"><\/span>\n            <a  href=\"https:\/\/www.hotelcretrond.com\/en\/core_special_offers\/hiver-2026-2027-reservez-des-maintenant\/\">\n                            Hiver 2026-2027 : r\u00e9servez d\u00e8s maintenant !            <\/a>\n        <\/h3>\n                    <\/div>\n\n            \n        <div class=\"eliophot-offer__cta\" itemprop=\"offers\" itemscope itemtype=\"https:\/\/schema.org\/Offer\">\n            <div class=\"eliophot-offer__cta_container\">\n                                    <input type=\"hidden\" name=\"id_offer\" value=\"2817\"\/>\n                    <div class=\"eliophot-offer__cta_title\" itemprop=\"priceSpecification\" itemscope itemtype=\"https:\/\/schema.org\/UnitPriceSpecification\">\n                                            <\/div>\n\n                                <div class=\"eliophot-offer__cta_buttons\">\n                \n                                            <a href=\"https:\/\/www.hotelcretrond.com\/en\/core_special_offers\/hiver-2026-2027-reservez-des-maintenant\/\" class=\"eliophot-offer__cta_button eliophot-offer__cta_button_second elementor-button-link elementor-button elementor-size-sm \">\n                            D\u00e9couvrir                        <\/a>\n                                    <\/div>\n            <\/div>\n        <\/div>\n                            <\/div>\n                        <\/div>\n\n                \t\t\t\t<\/div>\n\t\t\t\t<\/div>\n\t\t\t\t\t<\/div>\n\t\t<\/div>\n\t\t\t\t\t<\/div>\n\t\t<\/section>\n\t\t\t\t<\/div>\n\t\t","protected":false},"excerpt":{"rendered":"<p>Offres sp\u00e9ciales R\u00e9duction r\u00e9servation en direct &#8211; Hiver 2021-2022 D\u00e9couvrir \u00c9t\u00e9 2022 &#8211; d\u00e9couvrez nos meilleurs tarifs! D\u00e9couvrir \u00c9t\u00e9 2022 &#8211; Soir\u00e9e \u00e9tape sur la route des Grandes Alpes D\u00e9couvrir<\/p>","protected":false},"author":6,"featured_media":0,"parent":0,"menu_order":5,"comment_status":"closed","ping_status":"closed","template":"","meta":{"inline_featured_image":false,"footnotes":""},"class_list":["post-219","page","type-page","status-publish","hentry"],"_links":{"self":[{"href":"https:\/\/www.hotelcretrond.com\/en\/wp-json\/wp\/v2\/pages\/219","targetHints":{"allow":["GET"]}}],"collection":[{"href":"https:\/\/www.hotelcretrond.com\/en\/wp-json\/wp\/v2\/pages"}],"about":[{"href":"https:\/\/www.hotelcretrond.com\/en\/wp-json\/wp\/v2\/types\/page"}],"author":[{"embeddable":true,"href":"https:\/\/www.hotelcretrond.com\/en\/wp-json\/wp\/v2\/users\/6"}],"replies":[{"embeddable":true,"href":"https:\/\/www.hotelcretrond.com\/en\/wp-json\/wp\/v2\/comments?post=219"}],"version-history":[{"count":8,"href":"https:\/\/www.hotelcretrond.com\/en\/wp-json\/wp\/v2\/pages\/219\/revisions"}],"predecessor-version":[{"id":2304,"href":"https:\/\/www.hotelcretrond.com\/en\/wp-json\/wp\/v2\/pages\/219\/revisions\/2304"}],"wp:attachment":[{"href":"https:\/\/www.hotelcretrond.com\/en\/wp-json\/wp\/v2\/media?parent=219"}],"curies":[{"name":"wp","href":"https:\/\/api.w.org\/{rel}","templated":true}]}}